{"id":355,"date":"2024-05-09T09:31:48","date_gmt":"2024-05-09T07:31:48","guid":{"rendered":"https:\/\/p23-personal.at\/?page_id=355"},"modified":"2024-05-27T12:42:49","modified_gmt":"2024-05-27T10:42:49","slug":"fur-unternehmen","status":"publish","type":"page","link":"https:\/\/p23-personal.at\/?page_id=355","title":{"rendered":"f\u00fcr Unternehmen"},"content":{"rendered":"\t\t<div data-elementor-type=\"wp-page\" data-elementor-id=\"355\" class=\"elementor elementor-355\" data-elementor-post-type=\"page\">\n\t\t\t\t\t\t<section class=\"elementor-section elementor-top-section elementor-element elementor-element-56c09622 elementor-section-height-min-height elementor-section-content-middle elementor-section-boxed elementor-section-height-default elementor-section-items-middle\" data-id=\"56c09622\" data-element_type=\"section\" data-settings=\"{&quot;background_background&quot;:&quot;classic&quot;}\">\n\t\t\t\t\t\t\t<div class=\"elementor-background-overlay\"><\/div>\n\t\t\t\t\t\t\t<div class=\"elementor-container elementor-column-gap-no\">\n\t\t\t\t\t<div class=\"elementor-column elementor-col-100 elementor-top-column elementor-element elementor-element-7911703\" data-id=\"7911703\" data-element_type=\"column\" data-settings=\"{&quot;background_background&quot;:&quot;classic&quot;}\">\n\t\t\t<div class=\"elementor-widget-wrap elementor-element-populated\">\n\t\t\t\t\t\t<div class=\"elementor-element elementor-element-331f4bf0 elementor-widget elementor-widget-heading\" data-id=\"331f4bf0\" data-element_type=\"widget\" data-widget_type=\"heading.default\">\n\t\t\t\t<div class=\"elementor-widget-container\">\n\t\t\t<style>\/*! elementor - v3.21.0 - 30-04-2024 *\/\n.elementor-heading-title{padding:0;margin:0;line-height:1}.elementor-widget-heading .elementor-heading-title[class*=elementor-size-]>a{color:inherit;font-size:inherit;line-height:inherit}.elementor-widget-heading .elementor-heading-title.elementor-size-small{font-size:15px}.elementor-widget-heading .elementor-heading-title.elementor-size-medium{font-size:19px}.elementor-widget-heading .elementor-heading-title.elementor-size-large{font-size:29px}.elementor-widget-heading .elementor-heading-title.elementor-size-xl{font-size:39px}.elementor-widget-heading .elementor-heading-title.elementor-size-xxl{font-size:59px}<\/style><h1 class=\"elementor-heading-title elementor-size-default\">F\u00fcr Unternehmen <\/h1>\t\t<\/div>\n\t\t\t\t<\/div>\n\t\t\t\t\t<\/div>\n\t\t<\/div>\n\t\t\t\t\t<\/div>\n\t\t<\/section>\n\t\t\t\t<section class=\"elementor-section elementor-top-section elementor-element elementor-element-02d6f7f elementor-section-boxed elementor-section-height-default elementor-section-height-default\" data-id=\"02d6f7f\" data-element_type=\"section\">\n\t\t\t\t\t\t\t<div class=\"elementor-background-overlay\"><\/div>\n\t\t\t\t\t\t\t<div class=\"elementor-container elementor-column-gap-no\">\n\t\t\t\t\t<div class=\"elementor-column elementor-col-50 elementor-top-column elementor-element elementor-element-0891581\" data-id=\"0891581\" data-element_type=\"column\">\n\t\t\t<div class=\"elementor-widget-wrap elementor-element-populated\">\n\t\t\t\t\t\t<div class=\"elementor-element elementor-element-6db03e3 elementor-widget elementor-widget-heading\" data-id=\"6db03e3\" data-element_type=\"widget\" data-widget_type=\"heading.default\">\n\t\t\t\t<div class=\"elementor-widget-container\">\n\t\t\t<h3 class=\"elementor-heading-title elementor-size-default\">Unsere Dienstleistungen im Detail:<\/h3>\t\t<\/div>\n\t\t\t\t<\/div>\n\t\t\t\t<div class=\"elementor-element elementor-element-cb69e83 elementor-widget-divider--view-line elementor-widget elementor-widget-divider\" data-id=\"cb69e83\" data-element_type=\"widget\" data-widget_type=\"divider.default\">\n\t\t\t\t<div class=\"elementor-widget-container\">\n\t\t\t<style>\/*! elementor - v3.21.0 - 30-04-2024 *\/\n.elementor-widget-divider{--divider-border-style:none;--divider-border-width:1px;--divider-color:#0c0d0e;--divider-icon-size:20px;--divider-element-spacing:10px;--divider-pattern-height:24px;--divider-pattern-size:20px;--divider-pattern-url:none;--divider-pattern-repeat:repeat-x}.elementor-widget-divider .elementor-divider{display:flex}.elementor-widget-divider .elementor-divider__text{font-size:15px;line-height:1;max-width:95%}.elementor-widget-divider .elementor-divider__element{margin:0 var(--divider-element-spacing);flex-shrink:0}.elementor-widget-divider .elementor-icon{font-size:var(--divider-icon-size)}.elementor-widget-divider .elementor-divider-separator{display:flex;margin:0;direction:ltr}.elementor-widget-divider--view-line_icon .elementor-divider-separator,.elementor-widget-divider--view-line_text .elementor-divider-separator{align-items:center}.elementor-widget-divider--view-line_icon .elementor-divider-separator:after,.elementor-widget-divider--view-line_icon .elementor-divider-separator:before,.elementor-widget-divider--view-line_text .elementor-divider-separator:after,.elementor-widget-divider--view-line_text .elementor-divider-separator:before{display:block;content:\"\";border-block-end:0;flex-grow:1;border-block-start:var(--divider-border-width) var(--divider-border-style) var(--divider-color)}.elementor-widget-divider--element-align-left .elementor-divider .elementor-divider-separator>.elementor-divider__svg:first-of-type{flex-grow:0;flex-shrink:100}.elementor-widget-divider--element-align-left .elementor-divider-separator:before{content:none}.elementor-widget-divider--element-align-left .elementor-divider__element{margin-left:0}.elementor-widget-divider--element-align-right .elementor-divider .elementor-divider-separator>.elementor-divider__svg:last-of-type{flex-grow:0;flex-shrink:100}.elementor-widget-divider--element-align-right .elementor-divider-separator:after{content:none}.elementor-widget-divider--element-align-right .elementor-divider__element{margin-right:0}.elementor-widget-divider--element-align-start .elementor-divider .elementor-divider-separator>.elementor-divider__svg:first-of-type{flex-grow:0;flex-shrink:100}.elementor-widget-divider--element-align-start .elementor-divider-separator:before{content:none}.elementor-widget-divider--element-align-start .elementor-divider__element{margin-inline-start:0}.elementor-widget-divider--element-align-end .elementor-divider .elementor-divider-separator>.elementor-divider__svg:last-of-type{flex-grow:0;flex-shrink:100}.elementor-widget-divider--element-align-end .elementor-divider-separator:after{content:none}.elementor-widget-divider--element-align-end .elementor-divider__element{margin-inline-end:0}.elementor-widget-divider:not(.elementor-widget-divider--view-line_text):not(.elementor-widget-divider--view-line_icon) .elementor-divider-separator{border-block-start:var(--divider-border-width) var(--divider-border-style) var(--divider-color)}.elementor-widget-divider--separator-type-pattern{--divider-border-style:none}.elementor-widget-divider--separator-type-pattern.elementor-widget-divider--view-line .elementor-divider-separator,.elementor-widget-divider--separator-type-pattern:not(.elementor-widget-divider--view-line) .elementor-divider-separator:after,.elementor-widget-divider--separator-type-pattern:not(.elementor-widget-divider--view-line) .elementor-divider-separator:before,.elementor-widget-divider--separator-type-pattern:not([class*=elementor-widget-divider--view]) .elementor-divider-separator{width:100%;min-height:var(--divider-pattern-height);-webkit-mask-size:var(--divider-pattern-size) 100%;mask-size:var(--divider-pattern-size) 100%;-webkit-mask-repeat:var(--divider-pattern-repeat);mask-repeat:var(--divider-pattern-repeat);background-color:var(--divider-color);-webkit-mask-image:var(--divider-pattern-url);mask-image:var(--divider-pattern-url)}.elementor-widget-divider--no-spacing{--divider-pattern-size:auto}.elementor-widget-divider--bg-round{--divider-pattern-repeat:round}.rtl .elementor-widget-divider .elementor-divider__text{direction:rtl}.e-con-inner>.elementor-widget-divider,.e-con>.elementor-widget-divider{width:var(--container-widget-width,100%);--flex-grow:var(--container-widget-flex-grow)}<\/style>\t\t<div class=\"elementor-divider\">\n\t\t\t<span class=\"elementor-divider-separator\">\n\t\t\t\t\t\t<\/span>\n\t\t<\/div>\n\t\t\t\t<\/div>\n\t\t\t\t<\/div>\n\t\t\t\t<div class=\"elementor-element elementor-element-90359b2 elementor-widget elementor-widget-text-editor\" data-id=\"90359b2\" data-element_type=\"widget\" data-widget_type=\"text-editor.default\">\n\t\t\t\t<div class=\"elementor-widget-container\">\n\t\t\t<style>\/*! elementor - v3.21.0 - 30-04-2024 *\/\n.elementor-widget-text-editor.elementor-drop-cap-view-stacked .elementor-drop-cap{background-color:#69727d;color:#fff}.elementor-widget-text-editor.elementor-drop-cap-view-framed .elementor-drop-cap{color:#69727d;border:3px solid;background-color:transparent}.elementor-widget-text-editor:not(.elementor-drop-cap-view-default) .elementor-drop-cap{margin-top:8px}.elementor-widget-text-editor:not(.elementor-drop-cap-view-default) .elementor-drop-cap-letter{width:1em;height:1em}.elementor-widget-text-editor .elementor-drop-cap{float:left;text-align:center;line-height:1;font-size:50px}.elementor-widget-text-editor .elementor-drop-cap-letter{display:inline-block}<\/style>\t\t\t\t<ul><li><p><strong>Personalberatung:<\/strong> Wir analysieren Ihre spezifischen Bed\u00fcrfnisse und entwickeln gemeinsam mit Ihnen eine passgenaue Personalstrategie. Unsere Experten stehen Ihnen mit umfassendem Wissen und Erfahrung zur Seite, um die besten Talente f\u00fcr Ihr Unternehmen zu finden.<\/p><\/li><li><p><strong>Arbeitskr\u00e4fte\u00fcberlassung:<\/strong> Profitieren Sie von unserer umfangreichen Datenbank qualifizierter Fachkr\u00e4fte. Wir \u00fcbernehmen die Rekrutierung, Einstellung und Verwaltung der Mitarbeiter, damit Sie sich auf Ihr Kerngesch\u00e4ft konzentrieren k\u00f6nnen.<\/p><\/li><li><p><strong>Direktvermittlung:<\/strong> Finden Sie schnell und effizient die passenden Mitarbeiter f\u00fcr Ihre offenen Stellen. Unsere ma\u00dfgeschneiderten Vermittlungsprozesse sorgen daf\u00fcr, dass Sie genau die Talente finden, die zu Ihrer Unternehmenskultur und den Anforderungen der Position passen.<\/p><\/li><li><p><strong>On-Site-Management:<\/strong> Optimieren Sie Ihre Personalprozesse durch unser On-Site-Management. Ein erfahrener Ansprechpartner ist vor Ort in Ihrem Unternehmen und sorgt daf\u00fcr, dass Ihre Personalbedarfe nahtlos und effizient gedeckt werden.<\/p><\/li><li><p><strong>Projektbezogene L\u00f6sungen:<\/strong> F\u00fcr zeitlich begrenzte Projekte stellen wir Ihnen hochqualifizierte Fachkr\u00e4fte zur Verf\u00fcgung, die Ihre Anforderungen erf\u00fcllen und Ihre Projekte erfolgreich zum Abschluss bringen.<\/p><\/li><\/ul>\t\t\t\t\t\t<\/div>\n\t\t\t\t<\/div>\n\t\t\t\t\t<\/div>\n\t\t<\/div>\n\t\t\t\t<div class=\"elementor-column elementor-col-50 elementor-top-column elementor-element elementor-element-2bb62fd\" data-id=\"2bb62fd\" data-element_type=\"column\">\n\t\t\t<div class=\"elementor-widget-wrap elementor-element-populated\">\n\t\t\t\t\t\t<div class=\"elementor-element elementor-element-1eefb7c elementor-widget elementor-widget-image\" data-id=\"1eefb7c\" data-element_type=\"widget\" data-widget_type=\"image.default\">\n\t\t\t\t<div class=\"elementor-widget-container\">\n\t\t\t<style>\/*! elementor - v3.21.0 - 30-04-2024 *\/\n.elementor-widget-image{text-align:center}.elementor-widget-image a{display:inline-block}.elementor-widget-image a img[src$=\".svg\"]{width:48px}.elementor-widget-image img{vertical-align:middle;display:inline-block}<\/style>\t\t\t\t\t\t\t\t\t\t<img fetchpriority=\"high\" decoding=\"async\" width=\"500\" height=\"580\" src=\"https:\/\/p23-personal.at\/wp-content\/uploads\/2024\/05\/img-033-copy3.jpg\" class=\"attachment-full size-full wp-image-662\" alt=\"\" srcset=\"https:\/\/p23-personal.at\/wp-content\/uploads\/2024\/05\/img-033-copy3.jpg 500w, https:\/\/p23-personal.at\/wp-content\/uploads\/2024\/05\/img-033-copy3-259x300.jpg 259w\" sizes=\"(max-width: 500px) 100vw, 500px\" \/>\t\t\t\t\t\t\t\t\t\t\t\t\t<\/div>\n\t\t\t\t<\/div>\n\t\t\t\t\t<\/div>\n\t\t<\/div>\n\t\t\t\t\t<\/div>\n\t\t<\/section>\n\t\t\t\t<section class=\"elementor-section elementor-top-section elementor-element elementor-element-fd6faf4 elementor-section-boxed elementor-section-height-default elementor-section-height-default\" data-id=\"fd6faf4\" data-element_type=\"section\">\n\t\t\t\t\t\t\t<div class=\"elementor-background-overlay\"><\/div>\n\t\t\t\t\t\t\t<div class=\"elementor-container elementor-column-gap-no\">\n\t\t\t\t\t<div class=\"elementor-column elementor-col-100 elementor-top-column elementor-element elementor-element-2224f7c\" data-id=\"2224f7c\" data-element_type=\"column\">\n\t\t\t<div class=\"elementor-widget-wrap elementor-element-populated\">\n\t\t\t\t\t\t<div class=\"elementor-element elementor-element-708a472 elementor-widget elementor-widget-heading\" data-id=\"708a472\" data-element_type=\"widget\" data-widget_type=\"heading.default\">\n\t\t\t\t<div class=\"elementor-widget-container\">\n\t\t\t<h3 class=\"elementor-heading-title elementor-size-default\">Unsere qualifizierten Mitarbeiter<\/h3>\t\t<\/div>\n\t\t\t\t<\/div>\n\t\t\t\t<div class=\"elementor-element elementor-element-c07b8a3 elementor-widget-divider--view-line elementor-widget elementor-widget-divider\" data-id=\"c07b8a3\" data-element_type=\"widget\" data-widget_type=\"divider.default\">\n\t\t\t\t<div class=\"elementor-widget-container\">\n\t\t\t\t\t<div class=\"elementor-divider\">\n\t\t\t<span class=\"elementor-divider-separator\">\n\t\t\t\t\t\t<\/span>\n\t\t<\/div>\n\t\t\t\t<\/div>\n\t\t\t\t<\/div>\n\t\t\t\t<div class=\"elementor-element elementor-element-a37fcd3 elementor-widget elementor-widget-text-editor\" data-id=\"a37fcd3\" data-element_type=\"widget\" data-widget_type=\"text-editor.default\">\n\t\t\t\t<div class=\"elementor-widget-container\">\n\t\t\t\t\t\t\t<p>Unsere Mitarbeiter sprechen Deutsch, verf\u00fcgen \u00fcber ein eigenes Auto und Kleinwerkzeug. Sie sind bundesweit in \u00d6sterreich und in Deutschland einsatzbereit. <strong>Teamf\u00e4higkeit, Flexibilit\u00e4t und Zuverl\u00e4ssigkeit geh\u00f6ren ebenfalls zum Einstellungsprozess.<\/strong><\/p>\t\t\t\t\t\t<\/div>\n\t\t\t\t<\/div>\n\t\t\t\t\t<\/div>\n\t\t<\/div>\n\t\t\t\t\t<\/div>\n\t\t<\/section>\n\t\t\t\t<section class=\"elementor-section elementor-top-section elementor-element elementor-element-2e135bd4 elementor-section-boxed elementor-section-height-default elementor-section-height-default\" data-id=\"2e135bd4\" data-element_type=\"section\">\n\t\t\t\t\t\t\t<div class=\"elementor-background-overlay\"><\/div>\n\t\t\t\t\t\t\t<div class=\"elementor-container elementor-column-gap-no\">\n\t\t\t\t\t<div class=\"elementor-column elementor-col-50 elementor-top-column elementor-element elementor-element-bbb779d\" data-id=\"bbb779d\" data-element_type=\"column\">\n\t\t\t<div class=\"elementor-widget-wrap elementor-element-populated\">\n\t\t\t\t\t\t<div class=\"elementor-element elementor-element-bfe98b2 elementor-widget elementor-widget-image\" data-id=\"bfe98b2\" data-element_type=\"widget\" data-widget_type=\"image.default\">\n\t\t\t\t<div class=\"elementor-widget-container\">\n\t\t\t\t\t\t\t\t\t\t\t\t\t<img decoding=\"async\" width=\"500\" height=\"580\" src=\"https:\/\/p23-personal.at\/wp-content\/uploads\/2024\/05\/img-033-copy.jpg\" class=\"attachment-full size-full wp-image-661\" alt=\"\" srcset=\"https:\/\/p23-personal.at\/wp-content\/uploads\/2024\/05\/img-033-copy.jpg 500w, https:\/\/p23-personal.at\/wp-content\/uploads\/2024\/05\/img-033-copy-259x300.jpg 259w\" sizes=\"(max-width: 500px) 100vw, 500px\" \/>\t\t\t\t\t\t\t\t\t\t\t\t\t<\/div>\n\t\t\t\t<\/div>\n\t\t\t\t\t<\/div>\n\t\t<\/div>\n\t\t\t\t<div class=\"elementor-column elementor-col-50 elementor-top-column elementor-element elementor-element-76e8b9c8\" data-id=\"76e8b9c8\" data-element_type=\"column\">\n\t\t\t<div class=\"elementor-widget-wrap elementor-element-populated\">\n\t\t\t\t\t\t<div class=\"elementor-element elementor-element-a8256ac elementor-widget elementor-widget-heading\" data-id=\"a8256ac\" data-element_type=\"widget\" data-widget_type=\"heading.default\">\n\t\t\t\t<div class=\"elementor-widget-container\">\n\t\t\t<h3 class=\"elementor-heading-title elementor-size-default\">Warum P23 Personal & more GmbH?<\/h3>\t\t<\/div>\n\t\t\t\t<\/div>\n\t\t\t\t<div class=\"elementor-element elementor-element-5db98517 elementor-widget elementor-widget-text-editor\" data-id=\"5db98517\" data-element_type=\"widget\" data-widget_type=\"text-editor.default\">\n\t\t\t\t<div class=\"elementor-widget-container\">\n\t\t\t\t\t\t\t<ul><li><strong>Erfahrung und Fachwissen:<\/strong> Mit \u00fcber 25 Jahren Erfahrung in der Personalbranche kennen wir die Bed\u00fcrfnisse und Herausforderungen der Unternehmen genau. Unsere Expertise erm\u00f6glicht es uns, Ihnen die bestm\u00f6glichen L\u00f6sungen anzubieten.<\/li><li><strong>Qualit\u00e4t und Zuverl\u00e4ssigkeit:<\/strong> Wir legen gro\u00dfen Wert auf die Qualit\u00e4t unserer Dienstleistungen und die Zufriedenheit unserer Kunden. Unsere sorgf\u00e4ltig ausgew\u00e4hlten Mitarbeiter sind zuverl\u00e4ssig, qualifiziert und engagiert.<\/li><li><strong>Flexibilit\u00e4t:<\/strong> Ob kurzfristiger Personalengpass oder langfristige Personalplanung \u2013 wir bieten Ihnen flexible L\u00f6sungen, die sich Ihren aktuellen Anforderungen anpassen.<\/li><li><strong>Umfassender Service:<\/strong> Von der Rekrutierung \u00fcber die Vertragsabwicklung bis hin zur Personalverwaltung \u2013 wir \u00fcbernehmen alle Aspekte des Personalmanagements f\u00fcr Sie.<\/li><\/ul>\t\t\t\t\t\t<\/div>\n\t\t\t\t<\/div>\n\t\t\t\t\t<\/div>\n\t\t<\/div>\n\t\t\t\t\t<\/div>\n\t\t<\/section>\n\t\t\t\t<\/div>\n\t\t","protected":false},"excerpt":{"rendered":"<p>F\u00fcr Unternehmen Unsere Dienstleistungen im Detail: Personalberatung: Wir analysieren Ihre spezifischen Bed\u00fcrfnisse und entwickeln gemeinsam mit Ihnen eine passgenaue Personalstrategie. Unsere Experten stehen Ihnen mit umfassendem Wissen und Erfahrung zur Seite, um die besten Talente f\u00fcr Ihr Unternehmen zu finden. Arbeitskr\u00e4fte\u00fcberlassung: Profitieren Sie von unserer umfangreichen Datenbank qualifizierter Fachkr\u00e4fte. Wir \u00fcbernehmen die Rekrutierung, Einstellung und [&hellip;]<\/p>\n","protected":false},"author":1,"featured_media":0,"parent":0,"menu_order":0,"comment_status":"closed","ping_status":"closed","template":"elementor_header_footer","meta":{"_seopress_robots_primary_cat":"","_seopress_titles_title":"","_seopress_titles_desc":"","_seopress_robots_index":"","footnotes":""},"class_list":["post-355","page","type-page","status-publish","hentry"],"_links":{"self":[{"href":"https:\/\/p23-personal.at\/index.php?rest_route=\/wp\/v2\/pages\/355","targetHints":{"allow":["GET"]}}],"collection":[{"href":"https:\/\/p23-personal.at\/index.php?rest_route=\/wp\/v2\/pages"}],"about":[{"href":"https:\/\/p23-personal.at\/index.php?rest_route=\/wp\/v2\/types\/page"}],"author":[{"embeddable":true,"href":"https:\/\/p23-personal.at\/index.php?rest_route=\/wp\/v2\/users\/1"}],"replies":[{"embeddable":true,"href":"https:\/\/p23-personal.at\/index.php?rest_route=%2Fwp%2Fv2%2Fcomments&post=355"}],"version-history":[{"count":10,"href":"https:\/\/p23-personal.at\/index.php?rest_route=\/wp\/v2\/pages\/355\/revisions"}],"predecessor-version":[{"id":793,"href":"https:\/\/p23-personal.at\/index.php?rest_route=\/wp\/v2\/pages\/355\/revisions\/793"}],"wp:attachment":[{"href":"https:\/\/p23-personal.at\/index.php?rest_route=%2Fwp%2Fv2%2Fmedia&parent=355"}],"curies":[{"name":"wp","href":"https:\/\/api.w.org\/{rel}","templated":true}]}}